{"id":61,"date":"2023-03-31T10:16:37","date_gmt":"2023-03-31T10:16:37","guid":{"rendered":"http:\/\/booking.hotelcasaarizzoli.com\/?page_id=61"},"modified":"2023-04-11T14:53:06","modified_gmt":"2023-04-11T14:53:06","slug":"reservierungen","status":"publish","type":"page","link":"https:\/\/www.hotelcasaarizzoli.com\/de\/reservierungen\/","title":{"rendered":"Reservierungen"},"content":{"rendered":"<p>M\u00f6chten Sie im Hotel Casa Arizzoli \u00fcbernachten?<br \/>\nF\u00fcllen Sie das untenstehende Formular aus und senden Sie uns Ihre Anfrage! Wir werden Ihnen so schnell wie m\u00f6glich antworten.<\/p>\n\n<div class=\"wpcf7 no-js\" id=\"wpcf7-f222-o1\" lang=\"it-IT\" dir=\"ltr\">\n<div class=\"screen-reader-response\"><p role=\"status\" aria-live=\"polite\" aria-atomic=\"true\"><\/p> <ul><\/ul><\/div>\n<form action=\"\/de\/wp-json\/wp\/v2\/pages\/61#wpcf7-f222-o1\" method=\"post\" class=\"wpcf7-form init\" aria-label=\"Modulo di contatto\" novalidate=\"novalidate\" data-status=\"init\">\n<div style=\"display: none;\">\n<input type=\"hidden\" name=\"_wpcf7\" value=\"222\" \/>\n<input type=\"hidden\" name=\"_wpcf7_version\" value=\"5.9.3\" \/>\n<input type=\"hidden\" name=\"_wpcf7_locale\" value=\"it_IT\" \/>\n<input type=\"hidden\" name=\"_wpcf7_unit_tag\" value=\"wpcf7-f222-o1\" \/>\n<input type=\"hidden\" name=\"_wpcf7_container_post\" value=\"0\" \/>\n<input type=\"hidden\" name=\"_wpcf7_posted_data_hash\" value=\"\" \/>\n<\/div>\n<div class=\"containerFlex\">\n\t<div class=\"childFlex\">\n\t\t<p><label>Check-in Datum<br \/>\n<span class=\"wpcf7-form-control-wrap\" data-name=\"date-266\"><input class=\"wpcf7-form-control wpcf7-date wpcf7-validates-as-required wpcf7-validates-as-date\" min=\"2026-04-19\" aria-required=\"true\" aria-invalid=\"false\" value=\"2026-04-19\" type=\"date\" name=\"date-266\" \/><\/span><\/label>\n\t\t<\/p>\n\t<\/div>\n\t<div class=\"childFlex\">\n\t\t<p><label>Abreisedatum<br \/>\n<span class=\"wpcf7-form-control-wrap\" data-name=\"date-267\"><input class=\"wpcf7-form-control wpcf7-date wpcf7-validates-as-required wpcf7-validates-as-date\" min=\"2026-04-20\" aria-required=\"true\" aria-invalid=\"false\" value=\"2026-04-20\" type=\"date\" name=\"date-267\" \/><\/span><\/label>\n\t\t<\/p>\n\t<\/div>\n\t<div class=\"childFlex\">\n\t\t<p><label>Menschen<br \/>\n<span class=\"wpcf7-form-control-wrap\" data-name=\"menu-700\"><select class=\"wpcf7-form-control wpcf7-select wpcf7-validates-as-required\" aria-required=\"true\" aria-invalid=\"false\" name=\"menu-700\"><option value=\"1\">1<\/option><option value=\"2\">2<\/option><option value=\"3\">3<\/option><option value=\"4\">4<\/option><option value=\"5\">5<\/option><option value=\"6\">6<\/option><\/select><\/span><\/label>\n\t\t<\/p>\n\t<\/div>\n\t<div class=\"childFlex\">\n\t\t<p><label>Name und Nachname<br \/>\n<span class=\"wpcf7-form-control-wrap\" data-name=\"text-631\"><input size=\"40\" class=\"wpcf7-form-control wpcf7-text wpcf7-validates-as-required\" aria-required=\"true\" aria-invalid=\"false\" placeholder=\"I tuoi dati\" value=\"\" type=\"text\" name=\"text-631\" \/><\/span><\/label>\n\t\t<\/p>\n\t<\/div>\n\t<div class=\"childFlex\">\n\t\t<p><label>E-Mail-Addresse<br \/>\n<span class=\"wpcf7-form-control-wrap\" data-name=\"email-762\"><input size=\"40\" class=\"wpcf7-form-control wpcf7-email wpcf7-validates-as-required wpcf7-text wpcf7-validates-as-email\" aria-required=\"true\" aria-invalid=\"false\" placeholder=\"la tua email\" value=\"\" type=\"email\" name=\"email-762\" \/><\/span><\/label>\n\t\t<\/p>\n\t<\/div>\n<\/div>\n<div class=\"containerFlex\">\n\t<div class=\"childFlex\">\n\t\t<p><label>Ihre Nachricht<br \/>\n<span class=\"wpcf7-form-control-wrap\" data-name=\"your-message\"><textarea cols=\"40\" rows=\"10\" class=\"wpcf7-form-control wpcf7-textarea\" aria-invalid=\"false\" name=\"your-message\"><\/textarea><\/span><\/label>\n\t\t<\/p>\n\t<\/div>\n\t<div class=\"childFlex\">\n\t\t<p>Ich stimme der Behandlung meiner pers\u00f6nlichen Daten zu. <small><a href=\"\/privacy-policy\/\" title=\"Lesen Sie die Datenschutzerkl\u00e4rung\">Lesen Sie die Datenschutzerkl\u00e4rung<\/a><\/small><br \/>\n<span class=\"wpcf7-form-control-wrap\" data-name=\"privacy\"><span class=\"wpcf7-form-control wpcf7-acceptance\"><span class=\"wpcf7-list-item\"><input type=\"checkbox\" name=\"privacy\" value=\"1\" aria-invalid=\"false\" \/><\/span><\/span><\/span>\n\t\t<\/p>\n\t\t<p>Stellen Sie sicher, dass Sie kein Roboter sind\n\t\t<\/p>\n\t\t<p><input type=\"hidden\" name=\"_wpcf7_captcha_challenge_captcha-778\" value=\"2434014408\" \/><img loading=\"lazy\" decoding=\"async\" class=\"wpcf7-form-control wpcf7-captchac wpcf7-captcha-captcha-778\" width=\"60\" height=\"20\" alt=\"captcha\" src=\"https:\/\/www.hotelcasaarizzoli.com\/wp-content\/uploads\/wpcf7_captcha\/2434014408.png\" \/><br \/>\n<span class=\"wpcf7-form-control-wrap\" data-name=\"captcha-778\"><input size=\"4\" maxlength=\"4\" class=\"wpcf7-form-control wpcf7-captchar\" autocomplete=\"off\" aria-invalid=\"false\" value=\"\" type=\"text\" name=\"captcha-778\" \/><\/span>\n\t\t<\/p>\n\t<\/div>\n<\/div>\n<p class=\"intero\"><input class=\"wpcf7-form-control wpcf7-submit has-spinner\" type=\"submit\" value=\"Einreichen\" \/>\n<\/p><div class=\"wpcf7-response-output\" aria-hidden=\"true\"><\/div>\n<\/form>\n<\/div>\n\n<p><small>Achtung: Das Absenden dieser Nachricht best\u00e4tigt die Buchungsanfrage bei uns. Warten Sie auf unsere Nachricht mit der Buchungsbest\u00e4tigung. Danke sch\u00f6n. <\/small><\/p>\n","protected":false},"excerpt":{"rendered":"<p>M\u00f6chten Sie im Hotel Casa Arizzoli \u00fcbernachten? F\u00fcllen Sie das untenstehende Formular aus und senden Sie uns Ihre Anfrage! Wir werden Ihnen so schnell wie m\u00f6glich antworten. Achtung: Das Absenden dieser Nachricht best\u00e4tigt die Buchungsanfrage bei uns. Warten Sie auf unsere Nachricht mit der Buchungsbest\u00e4tigung. Danke sch\u00f6n.<\/p>\n","protected":false},"author":1,"featured_media":0,"parent":0,"menu_order":0,"comment_status":"closed","ping_status":"closed","template":"","meta":{"footnotes":""},"_links":{"self":[{"href":"https:\/\/www.hotelcasaarizzoli.com\/de\/wp-json\/wp\/v2\/pages\/61"}],"collection":[{"href":"https:\/\/www.hotelcasaarizzoli.com\/de\/wp-json\/wp\/v2\/pages"}],"about":[{"href":"https:\/\/www.hotelcasaarizzoli.com\/de\/wp-json\/wp\/v2\/types\/page"}],"author":[{"embeddable":true,"href":"https:\/\/www.hotelcasaarizzoli.com\/de\/wp-json\/wp\/v2\/users\/1"}],"replies":[{"embeddable":true,"href":"https:\/\/www.hotelcasaarizzoli.com\/de\/wp-json\/wp\/v2\/comments?post=61"}],"version-history":[{"count":2,"href":"https:\/\/www.hotelcasaarizzoli.com\/de\/wp-json\/wp\/v2\/pages\/61\/revisions"}],"predecessor-version":[{"id":244,"href":"https:\/\/www.hotelcasaarizzoli.com\/de\/wp-json\/wp\/v2\/pages\/61\/revisions\/244"}],"wp:attachment":[{"href":"https:\/\/www.hotelcasaarizzoli.com\/de\/wp-json\/wp\/v2\/media?parent=61"}],"curies":[{"name":"wp","href":"https:\/\/api.w.org\/{rel}","templated":true}]}}