{"id":233,"date":"2023-03-30T10:55:42","date_gmt":"2023-03-30T10:55:42","guid":{"rendered":"http:\/\/booking.hotelcasaarizzoli.com\/?page_id=233"},"modified":"2023-04-11T14:36:43","modified_gmt":"2023-04-11T14:36:43","slug":"privacy-policy","status":"publish","type":"page","link":"https:\/\/www.hotelcasaarizzoli.com\/de\/privacy-policy\/","title":{"rendered":"Privacy Policy"},"content":{"rendered":"<p id=\"docDate\">Dokument: MOD01 \u2013 Revision 11.04.2023<\/p>\n<p id=\"societa\">Hotel Casa Arizzoli<\/p>\n<div class=\"cb\"><\/div>\n<p>                        <strong>INFORMATIONEN ZUR VERARBEITUNG PERSONENBEZOGENER DATEN<\/strong><\/p>\n<h4>gem\u00e4\u00df art. 13 des Gesetzesdekrets vom 30. Juni 2003, Nr. 196 und Artikel 13 und 14 der Europ\u00e4ischen Verordnung 679\/2016<\/h4>\n<\/p>\n<p>                        <strong><br \/>\n                            Datencontroller:<br \/>\n                        <\/strong><\/p>\n<p>\n                            personenbezogener Daten ist das unterzeichnende <span class=\"bold\">Hotel Casa Arizzoli<\/span>, eingetragener und operativer Hauptsitz in Via G.M. Giovanola, 92 28822 Cannobio (VB). Die oben genannten Rechte k\u00f6nnen auf formlosen Antrag an den Eigent\u00fcmer oder einen der Gesch\u00e4ftsf\u00fchrer, auch durch einen Verantwortlichen, ausge\u00fcbt werden. Die Anfrage kann auch per Einschreiben oder E-Mail an <a href=\"mailto:info@hotelcasaarizzoli.com\" title=\"Send a mail\">info@hotelcasaarizzoli.com<\/a> gesendet werden.\n                        <\/p>\n<\/p>\n<p>                        <strong><br \/>\n                            Durchgef\u00fchrte Behandlungen und Zwecke:<br \/>\n                        <\/strong><\/p>\n<p>\n                            Folgende Personen- und Identifikationsdaten der Kontaktperson, die mit unserem Unternehmen in Kontakt treten wird, werden erhoben:\n\t                    <\/p>\n<ul>\n<li>1.1 Firmenname des Unternehmens oder Dienstleistungszentrums, Identit\u00e4t des Vereins, Vor- und Nachname des Einzelunternehmens;<\/li>\n<li>1.2 Anschrift des eingetragenen Sitzes, der operativen Zentrale oder der \u00f6rtlichen Einheiten;<\/li>\n<li>1.3 Vor- und Nachname des gesetzlichen Vertreters, Gesch\u00e4ftsf\u00fchrers, Angestellten oder Angestellten;<\/li>\n<li>1.4 Kreditinstitute, mit denen Sie Beziehungen unterhalten, und die zugeh\u00f6rigen Bankdaten;<\/li>\n<li>1.5 Telefonnummer der Zentrale, Nebenstellen und Fax;<\/li>\n<li>1.6 Institutionelle und direkte E-Mail-Adressen;<\/li>\n<li>1.7 Dokumentation zu Websites, die im Auftrag von Kunden entwickelt wurden.<\/li>\n<\/ul>\n<p>                        <strong><\/p>\n<p>Die Daten werden zu folgenden Zwecken verarbeitet:<br \/>\n                        <\/strong><\/p>\n<p>\n\t                        <span class=\"bold\">KUNDEN<\/span>\n\t                    <\/p>\n<ul>\n<li>a) Verwaltung von Kundenbeziehungen, Datenerhebung bei Erbringung von Dienstleistungen, Lieferung von Produkten, Datenerhebung f\u00fcr Finanzierung, Vermietung oder Leasing von Ger\u00e4ten und Software;<\/li>\n<li>b) \u00dcberpr\u00fcfung des Grads der Kundenzufriedenheit in Bezug auf die vom <span class=\"bold\">Hotel Casa Arizzoli<\/span> angebotenen Dienstleistungen durch pers\u00f6nliche Gespr\u00e4che, Zusendung von Frageb\u00f6gen per Fax, Post oder E-Mail; <\/li>\n<li>c) Werbung f\u00fcr Produkte oder Dienstleistungen, die vom <span class=\"bold\">Hotel Casa Arizzoli<\/span> angeboten werden, Austausch von Mitteilungen \u00fcber die wirtschaftliche, administrative und kommerzielle T\u00e4tigkeit des Unternehmens;<\/li>\n<li>d) Zusendung von Werbematerial per Fax, Post oder E-Mail \u00fcber die vom <span class=\"bold\">Hotel Casa Arizzoli<\/span> angebotenen Dienstleistungen oder Produkte;<\/li>\n<li>e) F\u00f6rderung von Veranstaltungen wie Workshops, Konferenzen, Messen, bei denen <span class=\"bold\">Hotel Casa Arizzoli<\/span> der Organisator oder Teilnehmer ist;<\/li>\n<li>f) Ausstellung von Transportdokumenten, Rechnungen und Gutschriften, F\u00fchrung der ordentlichen und MWST-Buchhaltung, Verwaltung von Einnahmen und Zahlungen.<\/li>\n<\/ul>\n<p>Die obige <span class=\"bold underline\">Bereitstellung personenbezogener Daten<\/span> ist nicht verpflichtend, die Verweigerung w\u00fcrde unter besonderer Bezugnahme auf den Unterpunkt verhindert. z\u00fcndete. a), die Unm\u00f6glichkeit seitens des <span class=\"bold\">Hotel Casa Arizzoli<\/span>, dem Kunden die gew\u00fcnschte Dienstleistung zu erbringen.<\/p>\n<\/p>\n<p>\n                            <span class=\"bold\">POTENTIELLE KUNDEN<\/span> <br \/>\n                           Werbung f\u00fcr Produkte, Dienstleistungen, Veranstaltungen wie Workshops, Kongresse, Messen, bei denen <span class=\"bold\">Hotel Casa Arizzoli<\/span> der Organisator oder Teilnehmer ist; Unternehmensberatung, Entwicklung von Angeboten f\u00fcr Dienstleistungen des <span class=\"bold\">Hotel Casa Arizzoli<\/span>. <br \/>\n                            Zus\u00e4tzlich zu den oben beschriebenen Zwecken k\u00f6nnen personenbezogene Daten auch zur Erf\u00fcllung gesetzlicher, verordnungsrechtlicher oder gemeinschaftsrechtlicher Verpflichtungen verarbeitet werden.\n                        <\/p>\n<\/p>\n<p>                        <strong><br \/>\n                            Methoden der Datenerhebung<br \/>\n                        <\/strong><\/p>\n<ul>\n<li>Direkt vom Interessenten oder in den B\u00fcros des <span class=\"bold\">Hotel Casa Arizzoli<\/span> zum Zeitpunkt der Aufnahme der Gesch\u00e4ftsbeziehung, der Auftragserteilung, der Anforderung eines Angebots oder des Vertragsabschlusses;<\/ li>\n<li>b) Direkt von der interessierten Partei durch Mitteilungen per Fax oder E-Mail;<\/li>\n<li>c) Direkt an die interessierte Partei anl\u00e4sslich von Gesch\u00e4ftsbesuchen f\u00fcr das Angebot von Produkten oder Dienstleistungen, die Gegenstand der T\u00e4tigkeit des <span class=\"bold\">Hotel Casa Arizzoli<\/span> sind;<\/li>\n<li>d) Direkt von der interessierten Partei durch Telefoninterviews;<\/li>\n<li>e) Direkt durch die interessierte Partei durch partnerschaftliche Zusammenarbeit zwischen <span class=\"bold\">Hotel Casa Arizzoli<\/span> und Fachleuten oder professionellen B\u00fcros, mit denen dieselbe interessierte Partei Kooperationsbeziehungen unterh\u00e4lt;<\/li>\n<li>f) In \u00f6ffentlichen Quellen wie Telefonverzeichnissen, Anzeigen der interessierten Partei, \u00fcber Internetseiten, die im Besitz und zur Verarbeitung solcher personenbezogenen Daten sind;<\/li>\n<li>g) \u00fcber die Websites von <span class=\"bold\">Hotel Casa Arizzoli<\/span> zusammen mit dem Abonnement des <span class=\"bold\">Hotel Casa Arizzoli<\/span>-Newsletters;<\/span> li>\n<\/ul>\n<p>\n                           Diese Informationen werden dem Interessenten oder der Person, von der die Daten erhoben werden, zum Zeitpunkt des Beginns der Beziehung zur Verf\u00fcgung gestellt und dann im <span class=\"bold\">Hotel Casa Arizzoli<\/span class=\"bold\"> gespeichert und gesammelt. span>, mit operativem Hauptsitz in der Via G.M. Giovanola, 92 28822 Cannobio (VB). Die Daten werden in \u00dcbereinstimmung mit dem Datenschutzkodex behandelt und so aufbewahrt, dass die Vertraulichkeit gew\u00e4hrleistet ist und ihre Zerst\u00f6rung oder Verwendung durch Dritte, die nichts mit <span class=\"bold\">Hotel Casa Arizzoli<\/span> zu tun haben, verhindert wird.<\/p>\n<p>                            Die Datenverarbeitung erfolgt manuell (z. B. auf Papier) und\/oder durch automatisierte Tools (z. B. unter Verwendung elektronischer Verfahren und Hilfsmittel), mit Logiken im Zusammenhang mit den oben angegebenen Zwecken und in jedem Fall auf diese Weise um die Sicherheit und Vertraulichkeit der Daten zu gew\u00e4hrleisten, gesch\u00fctzt durch Ger\u00e4te und Virenschutz, die verhindern, dass unbefugte Dritte auf die Daten zugreifen.\n                        <\/p>\n<\/p>\n<p>                        <strong><br \/>\n                            Daten\u00fcbermittlung und Umfang der Verbreitung:<br \/>\n                        <\/strong><\/p>\n<p>\n                            Die Daten k\u00f6nnen an die folgenden Kategorien von Subjekten weitergegeben werden, die sie f\u00fcr die Durchf\u00fchrung bestimmter funktionaler Aktivit\u00e4ten zur Erbringung ihrer Dienstleistungen verwendet: Wirtschaftspr\u00fcfungsgesellschaft f\u00fcr Buchhaltung\/Steuerkonformit\u00e4t; Unternehmens-, Steuer- und Rechtsberatungsfirmen oder -firmen, Zahlungsbanken; Anwaltskanzlei im Falle eines Rechtsstreits; \u00d6ffentliche Verwaltung f\u00fcr gesetzlich vorgeschriebene Mitteilungen; Unternehmen, die Dienstleistungen zur Durchf\u00fchrung der T\u00e4tigkeit erbringen, f\u00fcr die Sie kontaktiert wurden, und die die angebotenen Dienstleistungen teilweise oder vollst\u00e4ndig ausf\u00fchren, wie z. B. Post\u00e4mter, Spediteure, Kuriere. Die Daten werden nicht ins Ausland \u00fcbermittelt.\n                        <\/p>\n<\/p>\n<p>                        <strong><\/p>\n<p>Lagerzeit:<br \/>\n                        <\/strong><\/p>\n<p>Die Daten werden so lange aufbewahrt, wie es zur Erf\u00fcllung der oben genannten Zwecke erforderlich ist, in \u00dcbereinstimmung mit den gesetzlichen Bestimmungen, f\u00fcr den Zeitraum, der steuerlichen, buchhalterischen, administrativen Anforderungen entspricht und unsere dokumentiert.<\/p>\n<\/p>\n<p>                        <strong><br \/>\n                            Rechte des Interessenten:<br \/>\n                        <\/strong><\/p>\n<p>\n                            gem\u00e4\u00df Artikeln von 15 bis 22 der Europ\u00e4ischen Verordnung 679\/2016 wird Ihnen das volle Recht zuerkannt und garantiert: den Datenverantwortlichen aufzufordern, auf Ihre personenbezogenen Daten zuzugreifen und sie zu korrigieren oder zu l\u00f6schen oder ihre Verarbeitung einzuschr\u00e4nken oder sich ihrer Behandlung zu widersetzen, zus\u00e4tzlich zu den Recht auf Daten\u00fcbertragbarkeit. Dieses Recht kann per E-Mail an <a href=\"mailto:info@hotelcasaarizzoli.com\" title=\"Send a mail\">info@hotelcasaarizzoli.com<\/a> ausge\u00fcbt werden. <br \/>\n                            Der Datenverantwortliche unterbricht die Verarbeitung, wenn er die Mitteilung \u00fcber den Widerruf der zuvor ausgedr\u00fcckten Einwilligung erh\u00e4lt. <\/p>\n<p>                            Um ihre Rechte auszu\u00fcben, kann sich die interessierte Partei an die folgende Adresse wenden: <span class=\"bold\">Hotel Casa Arizzoli<\/span>, eingetragener und operativer Sitz in der Via G.M. Giovanola, 92 28822 Cannobio (VB), zu H\u00e4nden des Data Processing Managers, oder senden Sie eine Mitteilung an: <a href=\"mailto:info@hotelcasaarizzoli.com\" title=\"Send a mail\">info@hotelcasaarizzoli .com<\/a>\n                        <\/p>\n<p><span>Beschwerde bei der Aufsichtsbeh\u00f6rde:<\/span> Die interessierte Partei hat das Recht, eine Beschwerde bei der Aufsichtsbeh\u00f6rde einzureichen, falls ihre an den Datenverantwortlichen gerichteten Informationsanfragen nicht zufriedenstellend beantwortet wurden. Die Referenzbeh\u00f6rde ist der Garant f\u00fcr den Schutz personenbezogener Daten.<\/p>\n","protected":false},"excerpt":{"rendered":"<p>Dokument: MOD01 \u2013 Revision 11.04.2023 Hotel Casa Arizzoli INFORMATIONEN ZUR VERARBEITUNG PERSONENBEZOGENER DATEN gem\u00e4\u00df art. 13 des Gesetzesdekrets vom 30. Juni 2003, Nr. 196 und Artikel 13 und 14 der Europ\u00e4ischen Verordnung 679\/2016 Datencontroller: personenbezogener Daten ist das unterzeichnende Hotel Casa Arizzoli, eingetragener und operativer Hauptsitz in Via G.M. Giovanola, 92 28822 Cannobio (VB). Die &hellip; <\/p>\n<p class=\"link-more\"><a href=\"https:\/\/www.hotelcasaarizzoli.com\/de\/privacy-policy\/\" class=\"more-link\"><span class=\"screen-reader-text\">\u201ePrivacy Policy\u201c<\/span> weiterlesen<\/a><\/p>\n","protected":false},"author":1,"featured_media":0,"parent":0,"menu_order":0,"comment_status":"closed","ping_status":"closed","template":"","meta":{"footnotes":""},"_links":{"self":[{"href":"https:\/\/www.hotelcasaarizzoli.com\/de\/wp-json\/wp\/v2\/pages\/233"}],"collection":[{"href":"https:\/\/www.hotelcasaarizzoli.com\/de\/wp-json\/wp\/v2\/pages"}],"about":[{"href":"https:\/\/www.hotelcasaarizzoli.com\/de\/wp-json\/wp\/v2\/types\/page"}],"author":[{"embeddable":true,"href":"https:\/\/www.hotelcasaarizzoli.com\/de\/wp-json\/wp\/v2\/users\/1"}],"replies":[{"embeddable":true,"href":"https:\/\/www.hotelcasaarizzoli.com\/de\/wp-json\/wp\/v2\/comments?post=233"}],"version-history":[{"count":1,"href":"https:\/\/www.hotelcasaarizzoli.com\/de\/wp-json\/wp\/v2\/pages\/233\/revisions"}],"predecessor-version":[{"id":234,"href":"https:\/\/www.hotelcasaarizzoli.com\/de\/wp-json\/wp\/v2\/pages\/233\/revisions\/234"}],"wp:attachment":[{"href":"https:\/\/www.hotelcasaarizzoli.com\/de\/wp-json\/wp\/v2\/media?parent=233"}],"curies":[{"name":"wp","href":"https:\/\/api.w.org\/{rel}","templated":true}]}}